{"id":1493,"date":"2025-01-10T08:27:57","date_gmt":"2025-01-10T08:27:57","guid":{"rendered":"http:\/\/www.nda.holdings\/?page_id=1493"},"modified":"2025-06-17T07:20:52","modified_gmt":"2025-06-17T07:20:52","slug":"food-beverages","status":"publish","type":"page","link":"https:\/\/www.nda.holdings\/en\/food-beverages\/","title":{"rendered":"Food &amp; Beverages"},"content":{"rendered":"<section class=\"bde-section-1493-100 bde-section\" data-bde-lazy-bg=\"waiting\">\n              \n  \n        \n    \n\t\n\n  <div class=\"section-background-overlay\"><\/div>\n\n\n<div class=\"section-container\"><div class=\"bde-div-1493-101 bde-div\">\n  \n  \n\t\n\n\n\n<div class=\"bde-div-1493-102 bde-div\">\n  \n  \n\t\n\n\n\n<h1 class=\"bde-heading-1493-103 bde-heading translation-block\">Food &amp; <br>Beverages<\/h1>\n<\/div><div class=\"bde-div-1493-104 bde-div\">\n  \n  \n\t\n\n\n\n<div class=\"bde-text-1493-105 bde-text\">\nThe Food &amp; Beverages industry as well as the FMCG sector are characterized by constant change, high innovation power, and an intense competitive environment. We provide companies in this field not only capital but also strategic support to succeed in the competition and achieve sustainable growth.\n<\/div>\n<\/div>\n<\/div><\/div>\n<\/section><section class=\"bde-section-1493-117 bde-section\">\n  \n  \n\t\n\n\n\n<div class=\"section-container\"><div class=\"bde-div-1493-118 bde-div\">\n  \n  \n\t\n\n\n\n<div class=\"bde-div-1493-119 bde-div\">\n  \n  \n\t\n\n\n\n<h6 class=\"bde-heading-1493-120 bde-heading\">\nFuture-proof partnerships for your company\n<\/h6>\n<\/div><div class=\"bde-div-1493-121 bde-div\">\n  \n  \n\t\n\n\n\n<h4 class=\"bde-heading-1493-122 bde-heading\">\nThe FMCG (Fast Moving Consumer Goods) sector is one of the fastest growing and most dynamic sectors in the world.\n<\/h4>\n<\/div>\n<\/div><div class=\"bde-div-1493-123 bde-div\">\n  \n  \n\t\n\n\n\n<div class=\"bde-div-1493-124 bde-div\">\n  \n  \n\t\n\n\n\n<div class=\"bde-text-1493-125 bde-text\">\nFrom the food sector to household goods \u2013 companies must continuously innovate and optimize their production processes to remain competitive. In an era where sustainability and digitalization are becoming increasingly important, we offer tailored solutions to companies in this sector.\n<\/div>\n<\/div>\n<\/div><\/div>\n<\/section><section class=\"bde-section-1493-128 bde-section\">\n  \n  \n\t\n\n\n\n<div class=\"section-container\"><div class=\"bde-columns-1493-180 bde-columns\"><div class=\"bde-column-1493-184 bde-column\">\n  \n  \n\t\n\n\n\n<div class=\"bde-div-1493-185 bde-div\">\n  \n  \n\t\n\n\n\n<h5 class=\"bde-heading-1493-196 bde-heading\">\nTrends and challenges\n<\/h5><div class=\"bde-text-1493-197 bde-text\">\nSustainability, digitalization, changes in consumer behavior, and increasing demands for transparency.\n<\/div>\n<\/div>\n<\/div><div class=\"bde-column-1493-225 bde-column\">\n  \n  \n\t\n\n\n\n<div class=\"bde-div-1493-226 bde-div\">\n  \n  \n\t\n\n\n\n<h5 class=\"bde-heading-1493-227 bde-heading\">\nInnovations in the industry\n<\/h5><div class=\"bde-text-1493-228 bde-text\">\nNew products, packaging innovations, technological developments in production and distribution.\n<\/div>\n<\/div>\n<\/div><div class=\"bde-column-1493-229 bde-column\">\n  \n  \n\t\n\n\n\n<div class=\"bde-div-1493-230 bde-div\">\n  \n  \n\t\n\n\n\n<h5 class=\"bde-heading-1493-231 bde-heading\">\nGlobal market opportunities\n<\/h5><div class=\"bde-text-1493-232 bde-text\">\nExpansion into new markets, particularly in emerging countries and digital distribution channels.\n<\/div>\n<\/div>\n<\/div><\/div><\/div>\n<\/section><section class=\"bde-section-1493-233 bde-section\">\n  \n  \n\t\n\n\n\n<div class=\"section-container\"><div class=\"bde-columns-1493-234 bde-columns\"><div class=\"bde-column-1493-235 bde-column\">\n  \n  \n\t\n\n\n\n<h2 class=\"bde-heading-1493-236 bde-heading translation-block\">Advantages<br>of an investment<\/h2><div class=\"bde-text-1493-237 bde-text\">\nWe provide companies in the Food &amp; Beverages and FMCG sectors with crucial competitive advantages. Benefit from our capital, expertise, and international network.\n<\/div>\n<\/div><div class=\"bde-column-1493-239 bde-column\">\n  \n  \n\t\n\n\n\n<div class=\"bde-div-1493-253 bde-div\">\n  \n  \n\t\n\n\n\n<div class=\"bde-text-1493-240 bde-text\">\nCapital &amp; Resources\n<\/div><div class=\"bde-text-1493-241 bde-text\">\nOur investment not only provides capital but also supports you in expanding your production capacity, launching new products, and enhancing your digital infrastructure.\n<\/div>\n<\/div><div class=\"bde-div-1493-254 bde-div\">\n  \n  \n\t\n\n\n\n<div class=\"bde-text-1493-255 bde-text\">\nProduct innovation &amp; Sustainability\n<\/div><div class=\"bde-text-1493-256 bde-text\">\nBenefit from our expertise in developing sustainable products and innovative packaging solutions that appeal to the modern consumer.\n<\/div>\n<\/div>\n<\/div><div class=\"bde-column-1493-257 bde-column\">\n  \n  \n\t\n\n\n\n<div class=\"bde-div-1493-258 bde-div\">\n  \n  \n\t\n\n\n\n<div class=\"bde-text-1493-259 bde-text\">\nAccess to new markets\n<\/div><div class=\"bde-text-1493-260 bde-text\">\nExpand your market presence \u2013 our network helps you open new distribution channels, both offline and online.\n<\/div>\n<\/div><div class=\"bde-div-1493-261 bde-div\">\n  \n  \n\t\n\n\n\n<div class=\"bde-text-1493-262 bde-text\">\nBrand strategy &amp; Marketing\n<\/div><div class=\"bde-text-1493-263 bde-text\">\nLeverage our expertise in brand building and positioning to successfully establish your company in the market.\n<\/div>\n<\/div>\n<\/div><\/div><\/div>\n<\/section><section class=\"bde-section-1493-264 bde-section\">\n  \n  \n\t\n\n\n\n<div class=\"section-container\"><div class=\"bde-image-1493-265 bde-image\">\n<figure class=\"breakdance-image breakdance-image--1758\">\n\t<div class=\"breakdance-image-container\">\n\t\t<div class=\"breakdance-image-clip\"><img decoding=\"async\" class=\"breakdance-image-object\" src=\"https:\/\/nda.holdings\/wp-content\/uploads\/2025\/01\/friends-party-buffet-enjoying-food-concept-2023-11-27-05-31-09-utc-scaled.jpg\" width=\"2560\" height=\"2560\" srcset=\"https:\/\/nda.holdings\/wp-content\/uploads\/2025\/01\/friends-party-buffet-enjoying-food-concept-2023-11-27-05-31-09-utc-scaled.jpg 2560w, https:\/\/nda.holdings\/wp-content\/uploads\/2025\/01\/friends-party-buffet-enjoying-food-concept-2023-11-27-05-31-09-utc-300x300.jpg 300w, https:\/\/nda.holdings\/wp-content\/uploads\/2025\/01\/friends-party-buffet-enjoying-food-concept-2023-11-27-05-31-09-utc-1024x1024.jpg 1024w, https:\/\/nda.holdings\/wp-content\/uploads\/2025\/01\/friends-party-buffet-enjoying-food-concept-2023-11-27-05-31-09-utc-150x150.jpg 150w, https:\/\/nda.holdings\/wp-content\/uploads\/2025\/01\/friends-party-buffet-enjoying-food-concept-2023-11-27-05-31-09-utc-768x768.jpg 768w, https:\/\/nda.holdings\/wp-content\/uploads\/2025\/01\/friends-party-buffet-enjoying-food-concept-2023-11-27-05-31-09-utc-1536x1536.jpg 1536w, https:\/\/nda.holdings\/wp-content\/uploads\/2025\/01\/friends-party-buffet-enjoying-food-concept-2023-11-27-05-31-09-utc-2048x2048.jpg 2048w\" sizes=\"(max-width: 2560px) 100vw, 2560px\" alt=\"food & beverages\"><\/div>\n\t<\/div><\/figure>\n\n<\/div><div class=\"bde-div-1493-313 bde-div\">\n  \n  \n\t\n\n\n\n<div class=\"bde-text-1493-266 bde-text\">\nOur expertise\n<\/div><h2 class=\"bde-heading-1493-267 bde-heading\">\nHow we support you\n<\/h2>\n<\/div><div class=\"bde-columns-1493-268 bde-columns\"><div class=\"bde-column-1493-269 bde-column\">\n  \n  \n\t\n\n\n\n<div class=\"bde-text-1493-270 bde-text\">\n01\n<\/div><h4 class=\"bde-heading-1493-271 bde-heading\">\nSupply Chain optimization\n<\/h4><div class=\"bde-text-1493-272 bde-text\">\nWe help you make your supply chains more efficient and benefit from the latest technologies in logistics.\n<\/div>\n<\/div><div class=\"bde-column-1493-274 bde-column\">\n  \n  \n\t\n\n\n\n<div class=\"bde-text-1493-275 bde-text\">\n02\n<\/div><h4 class=\"bde-heading-1493-276 bde-heading\">\nDigitalization\n<\/h4><div class=\"bde-text-1493-277 bde-text\">\nSuccessful FMCG companies leverage digital technologies. We support you in digitizing your production processes and marketing.\n<\/div>\n<\/div><div class=\"bde-column-1493-279 bde-column\">\n  \n  \n\t\n\n\n\n<div class=\"bde-text-1493-280 bde-text\">\n03\n<\/div><h4 class=\"bde-heading-1493-281 bde-heading\">\nMarket research &amp; trends\n<\/h4><div class=\"bde-text-1493-282 bde-text\">\nWith our support, you stay one step ahead. We provide up-to-date market research and insights into consumer trends to align your business optimally.\n<\/div>\n<\/div><\/div><\/div>\n<\/section><section class=\"bde-section-1493-301 bde-section\">\n  \n  \n\t\n\n\n\n<div class=\"section-container\"><div class=\"bde-div-1493-306 bde-div\">\n  \n  \n\t\n\n\n\n<div class=\"bde-div-1493-307 bde-div\">\n  \n  \n\t\n\n\n\n<div class=\"bde-div-1493-308 bde-div\">\n  \n  \n\t\n\n\n\n<h2 class=\"bde-heading-1493-309 bde-heading translation-block\">If you want to learn more about Food &amp;<br>Beverages projects, contact us.<\/h2>\n<\/div><div class=\"bde-div-1493-311 bde-div\">\n  \n  \n\t\n\n\n\n<div class=\"bde-button-1493-312 bde-button\">\n        \n    \n    \n    \n    \n            \n                    \n            \n            \n\n    \n    \n    \n    \n    \n    <a class=\"breakdance-link button-atom button-atom--secondary bde-button__button\" href=\"https:\/\/www.nda.holdings\/en\/kontakt\/\" target=\"_self\" data-type=\"url\"  >\n\n    \n        <span class=\"button-atom__text\">Get in Touch<\/span>\n\n        \n        \n                <\/a>\n\n    \n\n\n<\/div>\n<\/div>\n<\/div>\n<\/div><\/div>\n<\/section>","protected":false},"excerpt":{"rendered":"<p>Food &#038; Beverages Die Food &#038; Beverages-Branche sowie der FMCG-Sektor zeichnen sich durch st\u00e4ndigen Wandel, hohe Innovationskraft und ein intensives Wettbewerbsumfeld aus. Wir bieten Unternehmen in diesem Bereich nicht nur Kapital, sondern auch strategische Unterst\u00fctzung, um im Wettbewerb erfolgreich zu bestehen und nachhaltiges Wachstum zu erzielen. Zukunftsf\u00e4hige Partnerschaften f\u00fcr Ihr Unternehmen Die FMCG-Branche (Fast Moving [&hellip;]<\/p>\n","protected":false},"author":1,"featured_media":0,"parent":0,"menu_order":0,"comment_status":"closed","ping_status":"closed","template":"","meta":{"_acf_changed":false,"_breakdance_hide_in_design_set":false,"_breakdance_tags":"","footnotes":""},"class_list":["post-1493","page","type-page","status-publish","hentry"],"acf":[],"yoast_head":"<!-- This site is optimized with the Yoast SEO Premium plugin v27.5 (Yoast SEO v27.5) - https:\/\/yoast.com\/product\/yoast-seo-premium-wordpress\/ -->\n<title>Food &amp; Beverages - zukunftsf\u00e4hige Partnerschaften f\u00fcr Ihr Unternehmen<\/title>\n<meta name=\"description\" content=\"Die Food &amp; Beverages-Branche sowie der FMCG-Sektor zeichnen sich durch st\u00e4ndigen Wandel, hohe Innovationskraft und ein intensives Wettbewerbsumfeld aus.\" \/>\n<meta name=\"robots\" content=\"index, follow, max-snippet:-1, max-image-preview:large, max-video-preview:-1\" \/>\n<link rel=\"canonical\" href=\"https:\/\/www.nda.holdings\/en\/food-beverages\/\" \/>\n<meta property=\"og:locale\" content=\"en_GB\" \/>\n<meta property=\"og:type\" content=\"article\" \/>\n<meta property=\"og:title\" content=\"Food &amp; Beverages - zukunftsf\u00e4hige Partnerschaften f\u00fcr Ihr Unternehmen\" \/>\n<meta property=\"og:description\" content=\"Die Food &amp; Beverages-Branche sowie der FMCG-Sektor zeichnen sich durch st\u00e4ndigen Wandel, hohe Innovationskraft und ein intensives Wettbewerbsumfeld aus.\" \/>\n<meta property=\"og:url\" content=\"https:\/\/www.nda.holdings\/en\/food-beverages\/\" \/>\n<meta property=\"og:site_name\" content=\"NDA Holding GmbH\" \/>\n<meta property=\"article:modified_time\" content=\"2025-06-17T07:20:52+00:00\" \/>\n<meta property=\"og:image\" content=\"https:\/\/www.nda.holdings\/wp-content\/uploads\/2024\/12\/NDA-Logo-1080x1080px1.png\" \/>\n\t<meta property=\"og:image:width\" content=\"4500\" \/>\n\t<meta property=\"og:image:height\" content=\"4500\" \/>\n\t<meta property=\"og:image:type\" content=\"image\/png\" \/>\n<meta name=\"twitter:card\" content=\"summary_large_image\" \/>\n<meta name=\"twitter:title\" content=\"Food &amp; Beverages\" \/>\n<meta name=\"twitter:label1\" content=\"Estimated reading time\" \/>\n\t<meta name=\"twitter:data1\" content=\"2 minutes\" \/>\n<script type=\"application\/ld+json\" class=\"yoast-schema-graph\">{\"@context\":\"https:\\\/\\\/schema.org\",\"@graph\":[{\"@type\":\"WebPage\",\"@id\":\"https:\\\/\\\/www.nda.holdings\\\/food-beverages\\\/\",\"url\":\"https:\\\/\\\/www.nda.holdings\\\/food-beverages\\\/\",\"name\":\"Food & Beverages - zukunftsf\u00e4hige Partnerschaften f\u00fcr Ihr Unternehmen\",\"isPartOf\":{\"@id\":\"https:\\\/\\\/www.nda.holdings\\\/#website\"},\"datePublished\":\"2025-01-10T08:27:57+00:00\",\"dateModified\":\"2025-06-17T07:20:52+00:00\",\"description\":\"Die Food & Beverages-Branche sowie der FMCG-Sektor zeichnen sich durch st\u00e4ndigen Wandel, hohe Innovationskraft und ein intensives Wettbewerbsumfeld aus.\",\"breadcrumb\":{\"@id\":\"https:\\\/\\\/www.nda.holdings\\\/food-beverages\\\/#breadcrumb\"},\"inLanguage\":\"en-GB\",\"potentialAction\":[{\"@type\":\"ReadAction\",\"target\":[\"https:\\\/\\\/www.nda.holdings\\\/food-beverages\\\/\"]}]},{\"@type\":\"BreadcrumbList\",\"@id\":\"https:\\\/\\\/www.nda.holdings\\\/food-beverages\\\/#breadcrumb\",\"itemListElement\":[{\"@type\":\"ListItem\",\"position\":1,\"name\":\"Home\",\"item\":\"https:\\\/\\\/www.nda.holdings\\\/\"},{\"@type\":\"ListItem\",\"position\":2,\"name\":\"Food &amp; Beverages\"}]},{\"@type\":\"WebSite\",\"@id\":\"https:\\\/\\\/www.nda.holdings\\\/#website\",\"url\":\"https:\\\/\\\/www.nda.holdings\\\/\",\"name\":\"NDA Holding GmbH\",\"description\":\"\",\"potentialAction\":[{\"@type\":\"SearchAction\",\"target\":{\"@type\":\"EntryPoint\",\"urlTemplate\":\"https:\\\/\\\/www.nda.holdings\\\/?s={search_term_string}\"},\"query-input\":{\"@type\":\"PropertyValueSpecification\",\"valueRequired\":true,\"valueName\":\"search_term_string\"}}],\"inLanguage\":\"en-GB\"}]}<\/script>\n<!-- \/ Yoast SEO Premium plugin. -->","yoast_head_json":{"title":"Food & Beverages - zukunftsf\u00e4hige Partnerschaften f\u00fcr Ihr Unternehmen","description":"Die Food & Beverages-Branche sowie der FMCG-Sektor zeichnen sich durch st\u00e4ndigen Wandel, hohe Innovationskraft und ein intensives Wettbewerbsumfeld aus.","robots":{"index":"index","follow":"follow","max-snippet":"max-snippet:-1","max-image-preview":"max-image-preview:large","max-video-preview":"max-video-preview:-1"},"canonical":"https:\/\/www.nda.holdings\/en\/food-beverages\/","og_locale":"en_GB","og_type":"article","og_title":"Food & Beverages - zukunftsf\u00e4hige Partnerschaften f\u00fcr Ihr Unternehmen","og_description":"Die Food & Beverages-Branche sowie der FMCG-Sektor zeichnen sich durch st\u00e4ndigen Wandel, hohe Innovationskraft und ein intensives Wettbewerbsumfeld aus.","og_url":"https:\/\/www.nda.holdings\/en\/food-beverages\/","og_site_name":"NDA Holding GmbH","article_modified_time":"2025-06-17T07:20:52+00:00","og_image":[{"width":4500,"height":4500,"url":"https:\/\/www.nda.holdings\/wp-content\/uploads\/2024\/12\/NDA-Logo-1080x1080px1.png","type":"image\/png"}],"twitter_card":"summary_large_image","twitter_title":"Food &amp; Beverages","twitter_misc":{"Estimated reading time":"2 minutes"},"schema":{"@context":"https:\/\/schema.org","@graph":[{"@type":"WebPage","@id":"https:\/\/www.nda.holdings\/food-beverages\/","url":"https:\/\/www.nda.holdings\/food-beverages\/","name":"Food & Beverages - zukunftsf\u00e4hige Partnerschaften f\u00fcr Ihr Unternehmen","isPartOf":{"@id":"https:\/\/www.nda.holdings\/#website"},"datePublished":"2025-01-10T08:27:57+00:00","dateModified":"2025-06-17T07:20:52+00:00","description":"Die Food & Beverages-Branche sowie der FMCG-Sektor zeichnen sich durch st\u00e4ndigen Wandel, hohe Innovationskraft und ein intensives Wettbewerbsumfeld aus.","breadcrumb":{"@id":"https:\/\/www.nda.holdings\/food-beverages\/#breadcrumb"},"inLanguage":"en-GB","potentialAction":[{"@type":"ReadAction","target":["https:\/\/www.nda.holdings\/food-beverages\/"]}]},{"@type":"BreadcrumbList","@id":"https:\/\/www.nda.holdings\/food-beverages\/#breadcrumb","itemListElement":[{"@type":"ListItem","position":1,"name":"Home","item":"https:\/\/www.nda.holdings\/"},{"@type":"ListItem","position":2,"name":"Food &amp; Beverages"}]},{"@type":"WebSite","@id":"https:\/\/www.nda.holdings\/#website","url":"https:\/\/www.nda.holdings\/","name":"NDA Holding GmbH","description":"","potentialAction":[{"@type":"SearchAction","target":{"@type":"EntryPoint","urlTemplate":"https:\/\/www.nda.holdings\/?s={search_term_string}"},"query-input":{"@type":"PropertyValueSpecification","valueRequired":true,"valueName":"search_term_string"}}],"inLanguage":"en-GB"}]}},"_links":{"self":[{"href":"https:\/\/www.nda.holdings\/en\/wp-json\/wp\/v2\/pages\/1493","targetHints":{"allow":["GET"]}}],"collection":[{"href":"https:\/\/www.nda.holdings\/en\/wp-json\/wp\/v2\/pages"}],"about":[{"href":"https:\/\/www.nda.holdings\/en\/wp-json\/wp\/v2\/types\/page"}],"author":[{"embeddable":true,"href":"https:\/\/www.nda.holdings\/en\/wp-json\/wp\/v2\/users\/1"}],"replies":[{"embeddable":true,"href":"https:\/\/www.nda.holdings\/en\/wp-json\/wp\/v2\/comments?post=1493"}],"version-history":[{"count":1,"href":"https:\/\/www.nda.holdings\/en\/wp-json\/wp\/v2\/pages\/1493\/revisions"}],"predecessor-version":[{"id":3367,"href":"https:\/\/www.nda.holdings\/en\/wp-json\/wp\/v2\/pages\/1493\/revisions\/3367"}],"wp:attachment":[{"href":"https:\/\/www.nda.holdings\/en\/wp-json\/wp\/v2\/media?parent=1493"}],"curies":[{"name":"wp","href":"https:\/\/api.w.org\/{rel}","templated":true}]}}