{"id":1545,"date":"2025-01-15T08:51:10","date_gmt":"2025-01-15T08:51:10","guid":{"rendered":"http:\/\/www.nda.holdings\/?page_id=1545"},"modified":"2025-06-17T07:51:28","modified_gmt":"2025-06-17T07:51:28","slug":"production-consumer-goods","status":"publish","type":"page","link":"https:\/\/www.nda.holdings\/en\/production-consumer-goods\/","title":{"rendered":"Production &#038; Consumer Goods"},"content":{"rendered":"<section class=\"bde-section-1545-100 bde-section\" data-bde-lazy-bg=\"waiting\">\n              \n  \n        \n    \n\t\n\n  <div class=\"section-background-overlay\"><\/div>\n\n\n<div class=\"section-container\"><div class=\"bde-div-1545-101 bde-div\">\n  \n  \n\t\n\n\n\n<div class=\"bde-div-1545-102 bde-div\">\n  \n  \n\t\n\n\n\n<h1 class=\"bde-heading-1545-103 bde-heading\">\nProduction &amp; Consumer Goods\n<\/h1>\n<\/div><div class=\"bde-div-1545-104 bde-div\">\n  \n  \n\t\n\n\n\n<div class=\"bde-text-1545-105 bde-text\">\nThe production and consumer goods industry is entering a new era: automation, sustainability, and digitalization are fundamentally changing markets and value chains. Companies that invest early in innovative technologies and sustainable strategies secure long-term competitive advantages. NDA Holding GmbH strategically invests in companies that are actively shaping this transformation \u2013 from smart production processes to groundbreaking consumer goods brands.\n<\/div>\n<\/div>\n<\/div><\/div>\n<\/section><section class=\"bde-section-1545-117 bde-section\">\n  \n  \n\t\n\n\n\n<div class=\"section-container\"><div class=\"bde-div-1545-118 bde-div\">\n  \n  \n\t\n\n\n\n<div class=\"bde-div-1545-119 bde-div\">\n  \n  \n\t\n\n\n\n<h6 class=\"bde-heading-1545-120 bde-heading\">\nWhat is Production &amp; Consumer Goods?<br>\n<\/h6>\n<\/div><div class=\"bde-div-1545-121 bde-div\">\n  \n  \n\t\n\n\n\n<h4 class=\"bde-heading-1545-122 bde-heading\">\nThe field of Production &amp; Consumer Goods encompasses the entire value chain of production and distribution of consumer goods.\n<\/h4>\n<\/div>\n<\/div><div class=\"bde-div-1545-123 bde-div\">\n  \n  \n\t\n\n\n\n<div class=\"bde-div-1545-124 bde-div\">\n  \n  \n\t\n\n\n\n<div class=\"bde-text-1545-125 bde-text\">\nWhile Production focuses on industrial manufacturing processes, Consumer Goods includes all physical products intended for the end consumer \u2013 from household items to electronics and lifestyle products.\n<\/div><div class=\"bde-text-1545-313 bde-text\">\nThis industry thrives on efficiency, quality, and innovation. Companies must not only implement competitive manufacturing methods but also develop products that stand out through design, functionality, and sustainability.\n<\/div>\n<\/div>\n<\/div><\/div>\n<\/section><section class=\"bde-section-1545-315 bde-section\">\n  \n  \n\t\n\n\n\n<div class=\"section-container\"><div class=\"bde-div-1545-316 bde-div\">\n  \n  \n\t\n\n\n\n<div class=\"bde-div-1545-317 bde-div\">\n  \n  \n\t\n\n\n\n<h6 class=\"bde-heading-1545-318 bde-heading\">\nTrends and challenges in the industry<br>\n<\/h6>\n<\/div><div class=\"bde-div-1545-319 bde-div\">\n  \n  \n\t\n\n\n\n<h4 class=\"bde-heading-1545-320 bde-heading\">\nThe production and consumer goods industry is undergoing change. Key developments include:\n<\/h4>\n<\/div>\n<\/div><div class=\"bde-text-1545-339 bde-text\">\nThese trends offer enormous potential \u2013 but only for companies that can quickly adapt to changing market conditions and optimize their value chains.\n<\/div><\/div>\n<\/section><section class=\"bde-section-1545-128 bde-section\">\n  \n  \n\t\n\n\n\n<div class=\"section-container\"><div class=\"bde-columns-1545-180 bde-columns\"><div class=\"bde-column-1545-184 bde-column\">\n  \n  \n\t\n\n\n\n<div class=\"bde-div-1545-185 bde-div\">\n  \n  \n\t\n\n\n\n<h5 class=\"bde-heading-1545-196 bde-heading\">\nIndustry 4.0 &amp; Automation\n<\/h5><div class=\"bde-text-1545-197 bde-text\">\nSmart production systems and AI-driven processes increase efficiency and reduce costs.\n<\/div>\n<\/div>\n<\/div><div class=\"bde-column-1545-225 bde-column\">\n  \n  \n\t\n\n\n\n<div class=\"bde-div-1545-226 bde-div\">\n  \n  \n\t\n\n\n\n<h5 class=\"bde-heading-1545-227 bde-heading\">\nSustainable production &amp; circular economy\n<\/h5><div class=\"bde-text-1545-228 bde-text\">\nConsumers and regulations demand resource-efficient materials and environmentally friendly manufacturing processes.\n<\/div>\n<\/div>\n<\/div><div class=\"bde-column-1545-229 bde-column\">\n  \n  \n\t\n\n\n\n<div class=\"bde-div-1545-230 bde-div\">\n  \n  \n\t\n\n\n\n<h5 class=\"bde-heading-1545-231 bde-heading\">\nDirect-to-Consumer (D2C) &amp; E-Commerce\n<\/h5><div class=\"bde-text-1545-232 bde-text\">\nBrands are increasingly relying on digital distribution models and omnichannel strategies.\n<\/div>\n<\/div>\n<\/div><\/div><\/div>\n<\/section><section class=\"bde-section-1545-325 bde-section\">\n  \n  \n\t\n\n\n\n<div class=\"section-container\"><div class=\"bde-columns-1545-326 bde-columns\"><div class=\"bde-column-1545-327 bde-column\">\n  \n  \n\t\n\n\n\n<div class=\"bde-div-1545-328 bde-div\">\n  \n  \n\t\n\n\n\n<h5 class=\"bde-heading-1545-329 bde-heading\">\nCustomization &amp; On-Demand Production\n<\/h5><div class=\"bde-text-1545-330 bde-text\">\nPersonalized products and flexible manufacturing methods are gaining importance.\n<\/div>\n<\/div>\n<\/div><div class=\"bde-column-1545-331 bde-column\">\n  \n  \n\t\n\n\n\n<div class=\"bde-div-1545-332 bde-div\">\n  \n  \n\t\n\n\n\n<h5 class=\"bde-heading-1545-333 bde-heading\">\nGlobal supply chains &amp; nearshoring\n<\/h5><div class=\"bde-text-1545-334 bde-text\">\nSupply shortages and geopolitical uncertainties are leading to a realignment of production locations.\n<\/div>\n<\/div>\n<\/div><div class=\"bde-column-1545-335 bde-column\">\n  \n  \n\t\n\n\n\n<div class=\"bde-div-1545-336 bde-div\">\n  \n  \n\t\n\n\n\n<h5 class=\"bde-heading-1545-337 bde-heading\">\nSmart materials &amp; new materials\n<\/h5><div class=\"bde-text-1545-338 bde-text\">\nAdvancements in materials science enable lighter, more durable, and sustainable production materials that reduce costs and improve environmental standards.\n<\/div>\n<\/div>\n<\/div><\/div><\/div>\n<\/section><section class=\"bde-section-1545-354 bde-section\">\n  \n  \n\t\n\n\n\n<div class=\"section-container\"><div class=\"bde-columns-1545-355 bde-columns\"><div class=\"bde-column-1545-359 bde-column\">\n  \n  \n\t\n\n\n\n<div class=\"bde-div-1545-360 bde-div\">\n  \n  \n\t\n\n\n\n<div class=\"bde-text-1545-361 bde-text\">\nArtificial Intelligence &amp; Machine Learning in production\n<\/div><div class=\"bde-text-1545-362 bde-text\">\nAI optimizes production processes through predictive maintenance, automated quality control, and intelligent resource management.\n<\/div>\n<\/div><div class=\"bde-div-1545-363 bde-div\">\n  \n  \n\t\n\n\n\n<div class=\"bde-text-1545-364 bde-text\">\nSustainable materials &amp; biodegradable packaging\n<\/div><div class=\"bde-text-1545-365 bde-text\">\nNew materials and eco-friendly packaging reduce waste, improve the circular economy, and meet increasing consumer demands.\n<\/div>\n<\/div>\n<\/div><div class=\"bde-column-1545-366 bde-column\">\n  \n  \n\t\n\n\n\n<div class=\"bde-div-1545-367 bde-div\">\n  \n  \n\t\n\n\n\n<div class=\"bde-text-1545-368 bde-text\">\n3D printing &amp; additive manufacturing for personalized products\n<\/div><div class=\"bde-text-1545-369 bde-text\">\nAdditive manufacturing enables flexible, resource-efficient, and customized product solutions with shorter production times.\n<\/div>\n<\/div><div class=\"bde-div-1545-370 bde-div\">\n  \n  \n\t\n\n\n\n<div class=\"bde-text-1545-371 bde-text\">\nRobotics &amp; autonomous production lines for increased productivity\n<\/div><div class=\"bde-text-1545-372 bde-text\">\nModern robots take over repetitive tasks, increase efficiency, and improve precision and production speed.\n<\/div>\n<\/div>\n<\/div><div class=\"bde-column-1545-356 bde-column\">\n  \n  \n\t\n\n\n\n<h2 class=\"bde-heading-1545-357 bde-heading\">\nInnovation as a driver of growth\n<\/h2><div class=\"bde-text-1545-358 bde-text\">\nSuccessful companies rely on pioneering technologies and new business models.\n<\/div>\n<\/div><\/div><\/div>\n<\/section><section class=\"bde-section-1545-264 bde-section\">\n  \n  \n\t\n\n\n\n<div class=\"section-container\"><div class=\"bde-image-1545-265 bde-image\">\n<figure class=\"breakdance-image breakdance-image--1760\">\n\t<div class=\"breakdance-image-container\">\n\t\t<div class=\"breakdance-image-clip\"><img decoding=\"async\" class=\"breakdance-image-object\" src=\"https:\/\/nda.holdings\/wp-content\/uploads\/2025\/01\/happy-african-american-man-holding-metal-scoop-whi-2024-11-07-16-11-57-utc-scaled.jpg\" width=\"2560\" height=\"1709\" srcset=\"https:\/\/nda.holdings\/wp-content\/uploads\/2025\/01\/happy-african-american-man-holding-metal-scoop-whi-2024-11-07-16-11-57-utc-scaled.jpg 2560w, https:\/\/nda.holdings\/wp-content\/uploads\/2025\/01\/happy-african-american-man-holding-metal-scoop-whi-2024-11-07-16-11-57-utc-300x200.jpg 300w, https:\/\/nda.holdings\/wp-content\/uploads\/2025\/01\/happy-african-american-man-holding-metal-scoop-whi-2024-11-07-16-11-57-utc-1024x683.jpg 1024w, https:\/\/nda.holdings\/wp-content\/uploads\/2025\/01\/happy-african-american-man-holding-metal-scoop-whi-2024-11-07-16-11-57-utc-768x513.jpg 768w, https:\/\/nda.holdings\/wp-content\/uploads\/2025\/01\/happy-african-american-man-holding-metal-scoop-whi-2024-11-07-16-11-57-utc-1536x1025.jpg 1536w, https:\/\/nda.holdings\/wp-content\/uploads\/2025\/01\/happy-african-american-man-holding-metal-scoop-whi-2024-11-07-16-11-57-utc-2048x1367.jpg 2048w\" sizes=\"(max-width: 2560px) 100vw, 2560px\" alt=\"production & consumer goods\"><\/div>\n\t<\/div><\/figure>\n\n<\/div><div class=\"bde-text-1545-266 bde-text\">\nOur expertise\n<\/div><h2 class=\"bde-heading-1545-267 bde-heading\">\nHow we support you\n<\/h2><div class=\"bde-text-1545-340 bde-text\">\nNDA Holding is your strategic partner for sustainable growth in the production and consumer goods industry. With targeted investments, capital, and strategic consulting, we support companies in the following areas:\n<\/div><div class=\"bde-columns-1545-268 bde-columns\"><div class=\"bde-column-1545-269 bde-column\">\n  \n  \n\t\n\n\n\n<div class=\"bde-text-1545-270 bde-text\">\n01\n<\/div><h4 class=\"bde-heading-1545-271 bde-heading\">\nInvestment &amp; Scaling\n<\/h4><div class=\"bde-text-1545-272 bde-text\">\nCapital for growth, expansion, and technology advancement\n<\/div>\n<\/div><div class=\"bde-column-1545-274 bde-column\">\n  \n  \n\t\n\n\n\n<div class=\"bde-text-1545-275 bde-text\">\n02\n<\/div><h4 class=\"bde-heading-1545-276 bde-heading\">\nProduct strategy &amp; market entry\n<\/h4><div class=\"bde-text-1545-277 bde-text\">\n Support in innovation, positioning, and distribution channels\n<\/div>\n<\/div><div class=\"bde-column-1545-279 bde-column\">\n  \n  \n\t\n\n\n\n<div class=\"bde-text-1545-280 bde-text\">\n03\n<\/div><h4 class=\"bde-heading-1545-281 bde-heading\">\nAutomation &amp; Digitalization\n<\/h4><div class=\"bde-text-1545-282 bde-text\">\nOptimization of production processes for efficiency improvement\n<\/div>\n<\/div><\/div><div class=\"bde-columns-1545-341 bde-columns\"><div class=\"bde-column-1545-342 bde-column\">\n  \n  \n\t\n\n\n\n<div class=\"bde-text-1545-343 bde-text\">\n04\n<\/div><h4 class=\"bde-heading-1545-344 bde-heading\">\nNetwork &amp; Partnerships\n<\/h4><div class=\"bde-text-1545-345 bde-text\">\nAccess to industry experts, suppliers, and international markets\n<\/div>\n<\/div><div class=\"bde-column-1545-346 bde-column\">\n  \n  \n\t\n\n\n\n<div class=\"bde-text-1545-347 bde-text\">\n05\n<\/div><h4 class=\"bde-heading-1545-348 bde-heading\">\nSustainable value creation\n<\/h4><div class=\"bde-text-1545-349 bde-text\">\nConsulting on ESG criteria, recycling strategies, and eco-friendly production\n<\/div>\n<\/div><div class=\"bde-column-1545-350 bde-column\">\n  \n  \n\t\n\n\n\n<div class=\"bde-text-1545-351 bde-text\">\n06\n<\/div><h4 class=\"bde-heading-1545-352 bde-heading\">\nMarket &amp; competitive analysis\n<\/h4><div class=\"bde-text-1545-353 bde-text\">\nDetailed insights into market trends, customer needs, and competitors for optimal positioning.\n<\/div>\n<\/div><\/div><\/div>\n<\/section><section class=\"bde-section-1545-301 bde-section\">\n  \n  \n\t\n\n\n\n<div class=\"section-container\"><div class=\"bde-div-1545-302 bde-div\">\n  \n  \n\t\n\n\n\n<div class=\"bde-div-1545-303 bde-div\">\n  \n  \n\t\n\n\n\n<div class=\"bde-text-1545-304 bde-text\">\nThe Production &amp; Consumer Goods industry offers attractive opportunities for investors, entrepreneurs, and start-ups looking to capitalize on growth potential in a changing market.\n<\/div>\n<\/div>\n<\/div><div class=\"bde-fancy-divider-1545-305 bde-fancy-divider\">\n\n\n<div class=\"bde-fancy-divider__wrapper\">\n  <div class=\"bde-fancy-divider__separator has-content has-content-flex-start\">\n  \t    \t    \t    \t\t\t    \t\t<div class=\"bde-fancy-divider__content bde-fancy-divider__content--icon\"><svg xmlns=\"http:\/\/www.w3.org\/2000\/svg\" viewbox=\"0 0 448 512\"><!--! Font Awesome Free 6.5.1 by @fontawesome - https:\/\/fontawesome.com License - https:\/\/fontawesome.com\/license\/free (Icons: CC BY 4.0, Fonts: SIL OFL 1.1, Code: MIT License) Copyright 2023 Fonticons, Inc. --><path d=\"M448 296c0 66.3-53.7 120-120 120h-8c-17.7 0-32-14.3-32-32s14.3-32 32-32h8c30.9 0 56-25.1 56-56v-8H320c-35.3 0-64-28.7-64-64V160c0-35.3 28.7-64 64-64h64c35.3 0 64 28.7 64 64v32 32 72zm-256 0c0 66.3-53.7 120-120 120H64c-17.7 0-32-14.3-32-32s14.3-32 32-32h8c30.9 0 56-25.1 56-56v-8H64c-35.3 0-64-28.7-64-64V160c0-35.3 28.7-64 64-64h64c35.3 0 64 28.7 64 64v32 32 72z\"\/><\/svg><\/div>\n    \t                  <\/div>\n<\/div>\n\n<\/div><div class=\"bde-div-1545-306 bde-div\">\n  \n  \n\t\n\n\n\n<div class=\"bde-div-1545-307 bde-div\">\n  \n  \n\t\n\n\n\n<div class=\"bde-div-1545-308 bde-div\">\n  \n  \n\t\n\n\n\n<h2 class=\"bde-heading-1545-309 bde-heading\">\nIs an investment in Production &amp; Consumer Goods of interest to you?\n<\/h2><div class=\"bde-text-1545-310 bde-text\">\nSeize your opportunity \u2013 talk to us about your future!\n<\/div>\n<\/div><div class=\"bde-div-1545-311 bde-div\">\n  \n  \n\t\n\n\n\n<div class=\"bde-button-1545-312 bde-button\">\n        \n    \n    \n    \n    \n            \n                    \n            \n            \n\n    \n    \n    \n    \n    \n    <a class=\"breakdance-link button-atom button-atom--secondary bde-button__button\" href=\"https:\/\/www.nda.holdings\/en\/kontakt\/\" target=\"_self\" data-type=\"url\"  >\n\n    \n        <span class=\"button-atom__text\">Get in Touch<\/span>\n\n        \n        \n                <\/a>\n\n    \n\n\n<\/div>\n<\/div>\n<\/div>\n<\/div><\/div>\n<\/section>","protected":false},"excerpt":{"rendered":"<p>Production &#038; Consumer Goods Die Produktions- und Konsumg\u00fcterbranche steht vor einer neuen \u00c4ra: Automatisierung, Nachhaltigkeit und Digitalisierung ver\u00e4ndern M\u00e4rkte und Wertsch\u00f6pfungsketten grundlegend. Unternehmen, die fr\u00fchzeitig auf innovative Technologien und nachhaltige Strategien setzen, sichern sich langfristige Wettbewerbsvorteile. Die NDA Holding GmbH investiert gezielt in Unternehmen, die diese Transformation aktiv mitgestalten \u2013 von smarten Produktionsprozessen bis zu [&hellip;]<\/p>\n","protected":false},"author":1,"featured_media":0,"parent":0,"menu_order":0,"comment_status":"closed","ping_status":"closed","template":"","meta":{"_acf_changed":false,"_breakdance_hide_in_design_set":false,"_breakdance_tags":"","footnotes":""},"class_list":["post-1545","page","type-page","status-publish","hentry"],"acf":[],"yoast_head":"<!-- This site is optimized with the Yoast SEO Premium plugin v27.5 (Yoast SEO v27.5) - https:\/\/yoast.com\/product\/yoast-seo-premium-wordpress\/ -->\n<title>Production &amp; Consumer Goods: Innovation &amp; Nachhaltigkeit bei NDA Holding GmbH<\/title>\n<meta name=\"description\" content=\"Der Bereich Production &amp; Consumer Goods umfasst die gesamte Wertsch\u00f6pfungskette der Produktion und des Vertriebs von Konsumg\u00fctern.\" \/>\n<meta name=\"robots\" content=\"index, follow, max-snippet:-1, max-image-preview:large, max-video-preview:-1\" \/>\n<link rel=\"canonical\" href=\"https:\/\/www.nda.holdings\/en\/production-consumer-goods\/\" \/>\n<meta property=\"og:locale\" content=\"en_GB\" \/>\n<meta property=\"og:type\" content=\"article\" \/>\n<meta property=\"og:title\" content=\"Production &amp; Consumer Goods: Innovation und Nachhaltigkeit bei NDA Holding GmbH\" \/>\n<meta property=\"og:description\" content=\"Der Bereich Production &amp; Consumer Goods umfasst die gesamte Wertsch\u00f6pfungskette der Produktion und des Vertriebs von Konsumg\u00fctern.\" \/>\n<meta property=\"og:url\" content=\"https:\/\/www.nda.holdings\/en\/production-consumer-goods\/\" \/>\n<meta property=\"og:site_name\" content=\"NDA Holding GmbH\" \/>\n<meta property=\"article:modified_time\" content=\"2025-06-17T07:51:28+00:00\" \/>\n<meta property=\"og:image\" content=\"https:\/\/www.nda.holdings\/wp-content\/uploads\/2024\/12\/NDA-Logo-1080x1080px1.png\" \/>\n\t<meta property=\"og:image:width\" content=\"4500\" \/>\n\t<meta property=\"og:image:height\" content=\"4500\" \/>\n\t<meta property=\"og:image:type\" content=\"image\/png\" \/>\n<meta name=\"twitter:card\" content=\"summary_large_image\" \/>\n<meta name=\"twitter:title\" content=\"Production &amp; Consumer Goods\" \/>\n<meta name=\"twitter:label1\" content=\"Estimated reading time\" \/>\n\t<meta name=\"twitter:data1\" content=\"3 minutes\" \/>\n<script type=\"application\/ld+json\" class=\"yoast-schema-graph\">{\"@context\":\"https:\\\/\\\/schema.org\",\"@graph\":[{\"@type\":\"WebPage\",\"@id\":\"https:\\\/\\\/www.nda.holdings\\\/production-consumer-goods\\\/\",\"url\":\"https:\\\/\\\/www.nda.holdings\\\/production-consumer-goods\\\/\",\"name\":\"Production & Consumer Goods: Innovation & Nachhaltigkeit bei NDA Holding GmbH\",\"isPartOf\":{\"@id\":\"https:\\\/\\\/www.nda.holdings\\\/#website\"},\"datePublished\":\"2025-01-15T08:51:10+00:00\",\"dateModified\":\"2025-06-17T07:51:28+00:00\",\"description\":\"Der Bereich Production & Consumer Goods umfasst die gesamte Wertsch\u00f6pfungskette der Produktion und des Vertriebs von Konsumg\u00fctern.\",\"breadcrumb\":{\"@id\":\"https:\\\/\\\/www.nda.holdings\\\/production-consumer-goods\\\/#breadcrumb\"},\"inLanguage\":\"en-GB\",\"potentialAction\":[{\"@type\":\"ReadAction\",\"target\":[\"https:\\\/\\\/www.nda.holdings\\\/production-consumer-goods\\\/\"]}]},{\"@type\":\"BreadcrumbList\",\"@id\":\"https:\\\/\\\/www.nda.holdings\\\/production-consumer-goods\\\/#breadcrumb\",\"itemListElement\":[{\"@type\":\"ListItem\",\"position\":1,\"name\":\"Home\",\"item\":\"https:\\\/\\\/www.nda.holdings\\\/\"},{\"@type\":\"ListItem\",\"position\":2,\"name\":\"Production &#038; Consumer Goods\"}]},{\"@type\":\"WebSite\",\"@id\":\"https:\\\/\\\/www.nda.holdings\\\/#website\",\"url\":\"https:\\\/\\\/www.nda.holdings\\\/\",\"name\":\"NDA Holding GmbH\",\"description\":\"\",\"potentialAction\":[{\"@type\":\"SearchAction\",\"target\":{\"@type\":\"EntryPoint\",\"urlTemplate\":\"https:\\\/\\\/www.nda.holdings\\\/?s={search_term_string}\"},\"query-input\":{\"@type\":\"PropertyValueSpecification\",\"valueRequired\":true,\"valueName\":\"search_term_string\"}}],\"inLanguage\":\"en-GB\"}]}<\/script>\n<!-- \/ Yoast SEO Premium plugin. -->","yoast_head_json":{"title":"Production & Consumer Goods: Innovation & Nachhaltigkeit bei NDA Holding GmbH","description":"The field of Production &amp; Consumer Goods encompasses the entire value chain of production and distribution of consumer goods.","robots":{"index":"index","follow":"follow","max-snippet":"max-snippet:-1","max-image-preview":"max-image-preview:large","max-video-preview":"max-video-preview:-1"},"canonical":"https:\/\/www.nda.holdings\/en\/production-consumer-goods\/","og_locale":"en_GB","og_type":"article","og_title":"Production & Consumer Goods: Innovation und Nachhaltigkeit bei NDA Holding GmbH","og_description":"Der Bereich Production & Consumer Goods umfasst die gesamte Wertsch\u00f6pfungskette der Produktion und des Vertriebs von Konsumg\u00fctern.","og_url":"https:\/\/www.nda.holdings\/en\/production-consumer-goods\/","og_site_name":"NDA Holding GmbH","article_modified_time":"2025-06-17T07:51:28+00:00","og_image":[{"width":4500,"height":4500,"url":"https:\/\/www.nda.holdings\/wp-content\/uploads\/2024\/12\/NDA-Logo-1080x1080px1.png","type":"image\/png"}],"twitter_card":"summary_large_image","twitter_title":"Production & Consumer Goods","twitter_misc":{"Estimated reading time":"3 minutes"},"schema":{"@context":"https:\/\/schema.org","@graph":[{"@type":"WebPage","@id":"https:\/\/www.nda.holdings\/production-consumer-goods\/","url":"https:\/\/www.nda.holdings\/production-consumer-goods\/","name":"Production & Consumer Goods: Innovation & Nachhaltigkeit bei NDA Holding GmbH","isPartOf":{"@id":"https:\/\/www.nda.holdings\/#website"},"datePublished":"2025-01-15T08:51:10+00:00","dateModified":"2025-06-17T07:51:28+00:00","description":"The field of Production &amp; Consumer Goods encompasses the entire value chain of production and distribution of consumer goods.","breadcrumb":{"@id":"https:\/\/www.nda.holdings\/production-consumer-goods\/#breadcrumb"},"inLanguage":"en-GB","potentialAction":[{"@type":"ReadAction","target":["https:\/\/www.nda.holdings\/production-consumer-goods\/"]}]},{"@type":"BreadcrumbList","@id":"https:\/\/www.nda.holdings\/production-consumer-goods\/#breadcrumb","itemListElement":[{"@type":"ListItem","position":1,"name":"Home","item":"https:\/\/www.nda.holdings\/"},{"@type":"ListItem","position":2,"name":"Production &#038; Consumer Goods"}]},{"@type":"WebSite","@id":"https:\/\/www.nda.holdings\/#website","url":"https:\/\/www.nda.holdings\/","name":"NDA Holding GmbH","description":"","potentialAction":[{"@type":"SearchAction","target":{"@type":"EntryPoint","urlTemplate":"https:\/\/www.nda.holdings\/?s={search_term_string}"},"query-input":{"@type":"PropertyValueSpecification","valueRequired":true,"valueName":"search_term_string"}}],"inLanguage":"en-GB"}]}},"_links":{"self":[{"href":"https:\/\/www.nda.holdings\/en\/wp-json\/wp\/v2\/pages\/1545","targetHints":{"allow":["GET"]}}],"collection":[{"href":"https:\/\/www.nda.holdings\/en\/wp-json\/wp\/v2\/pages"}],"about":[{"href":"https:\/\/www.nda.holdings\/en\/wp-json\/wp\/v2\/types\/page"}],"author":[{"embeddable":true,"href":"https:\/\/www.nda.holdings\/en\/wp-json\/wp\/v2\/users\/1"}],"replies":[{"embeddable":true,"href":"https:\/\/www.nda.holdings\/en\/wp-json\/wp\/v2\/comments?post=1545"}],"version-history":[{"count":1,"href":"https:\/\/www.nda.holdings\/en\/wp-json\/wp\/v2\/pages\/1545\/revisions"}],"predecessor-version":[{"id":3372,"href":"https:\/\/www.nda.holdings\/en\/wp-json\/wp\/v2\/pages\/1545\/revisions\/3372"}],"wp:attachment":[{"href":"https:\/\/www.nda.holdings\/en\/wp-json\/wp\/v2\/media?parent=1545"}],"curies":[{"name":"wp","href":"https:\/\/api.w.org\/{rel}","templated":true}]}}