{"id":381,"date":"2024-11-29T09:05:34","date_gmt":"2024-11-29T09:05:34","guid":{"rendered":"http:\/\/www.nda.holdings\/?page_id=381"},"modified":"2026-02-20T12:16:24","modified_gmt":"2026-02-20T12:16:24","slug":"impressum","status":"publish","type":"page","link":"https:\/\/www.nda.holdings\/en\/impressum\/","title":{"rendered":"Imprint"},"content":{"rendered":"<section class=\"bde-section-381-100 bde-section\">\n  \n  \n\t\n\n\n\n<div class=\"section-container\"><div class=\"bde-div-381-102 bde-div\">\n  \n  \n\t\n\n\n\n<h1 class=\"bde-heading-381-106 bde-heading\">\nImprint.\n<\/h1>\n<\/div><\/div>\n<\/section><section class=\"bde-section-381-243 bde-section\">\n  \n  \n\t\n\n\n\n<div class=\"section-container\"><div class=\"bde-div-381-244 bde-div\">\n  \n  \n\t\n\n\n\n<div class=\"bde-div-381-247 bde-div\">\n  \n  \n\t\n\n\n\n<div class=\"bde-text-381-248 bde-text\">\n<strong>NDA Holding GmbH<\/strong><br>Industriegasse 6<br>2700 Wiener Neustadt<br>Austria\n<\/div>\n<\/div><div class=\"bde-div-381-350 bde-div\">\n  \n  \n\t\n\n\n\n<div class=\"bde-div-381-351 bde-div\">\n  \n  \n\t\n\n\n\n<div class=\"bde-text-381-352 bde-text translation-block\"><strong>CEO:<\/strong><br>Ing. Andreas Kraus<br><\/div>\n<\/div><div class=\"bde-div-381-353 bde-div\">\n  \n  \n\t\n\n\n\n<div class=\"bde-text-381-354 bde-text\">\n<strong>Legal form:<\/strong><br>Limited Liability Company (GmbH)<br>\n<\/div>\n<\/div><div class=\"bde-div-381-355 bde-div\">\n  \n  \n\t\n\n\n\n<div class=\"bde-text-381-356 bde-text\">\n<strong>Company Register Number:<\/strong><br>FN 593808 y\n<\/div>\n<\/div><div class=\"bde-div-381-357 bde-div\">\n  \n  \n\t\n\n\n\n<div class=\"bde-text-381-358 bde-text\">\n<strong>Company Register Court:<\/strong><br>Regional Court Wiener Neustadt<br>\n<\/div>\n<\/div><div class=\"bde-div-381-360 bde-div\">\n  \n  \n\t\n\n\n\n<div class=\"bde-text-381-359 bde-text\">\n<strong>Value Added Tax Identification Number (VAT ID):<\/strong><br>ATU78796769<br>\n<\/div>\n<\/div><div class=\"bde-div-381-362 bde-div\">\n  \n  \n\t\n\n\n\n<div class=\"bde-text-381-363 bde-text\">\n<strong>Trade authority:<\/strong><br>District Administrative Authority Wiener Neustadt (City)<br>\n<\/div>\n<\/div><div class=\"bde-div-381-364 bde-div\">\n  \n  \n\t\n\n\n\n<div class=\"bde-text-381-365 bde-text\">\n<strong>Membership:<\/strong><br>Chamber of Commerce Austria, Professional Group for Business Consulting and Information Technology\n<\/div>\n<\/div><div class=\"bde-div-381-366 bde-div\">\n  \n  \n\t\n\n\n\n<div class=\"bde-text-381-367 bde-text\">\n<strong>Business license according to the Austrian Trade Regulation Act (GewO):<\/strong><br>Business consulting, including business organization<br>\n<\/div>\n<\/div><div class=\"bde-div-381-368 bde-div\">\n  \n  \n\t\n\n\n\n<div class=\"bde-text-381-369 bde-text\">\n<strong>Competent supervisory authority for data protection:<\/strong><br>Austrian Data Protection Authority<br>Barichgasse 40-42<br>1030 Wien<br>Austria<br>\n<\/div>\n<\/div><div class=\"bde-div-381-370 bde-div\">\n  \n  \n\t\n\n\n\n<div class=\"bde-text-381-371 bde-text\">\n<strong>Contact:<\/strong><br>E-Mail:  <a href=\"mailto:office@nda.holdings\">office@nda.holdings<\/a>\n<\/div>\n<\/div><div class=\"bde-div-381-372 bde-div\">\n  \n  \n\t\n\n\n\n<div class=\"bde-text-381-373 bde-text\">\n<strong>Website:<\/strong><br>https:\/\/nda.holdings<br>\n<\/div>\n<\/div><div class=\"bde-div-381-374 bde-div\">\n  \n  \n\t\n\n\n\n<div class=\"bde-text-381-375 bde-text\">\n<strong>Privacy Policy:<\/strong><br>You can find the privacy policy at: https:\/\/nda.holdings\/datenschutzerklarung\/\n<\/div>\n<\/div><div class=\"bde-div-381-376 bde-div\">\n  \n  \n\t\n\n\n\n<div class=\"bde-text-381-377 bde-text\">\n<strong>Online Dispute Resolution platform of the EU:<\/strong><br><a href=\"http:\/\/ec.europa.eu\/odr\">http:\/\/ec.europa.eu\/odr<\/a>\n<\/div>\n<\/div><div class=\"bde-div-381-378 bde-div\">\n  \n  \n\t\n\n\n\n<div class=\"bde-text-381-379 bde-text\">\n<strong>Bank account details:<\/strong><br>Bank: ERSTE BANK<br>IBAN: AT22 2011 1847 2625 5700<br>BIC: GIBAATWWXXX<br>\n<\/div>\n<\/div><div class=\"bde-div-381-380 bde-div\">\n  \n  \n\t\n\n\n\n<div class=\"bde-text-381-381 bde-text\">\n<strong>Use of photos and videos:<\/strong><br>It is noted that during events, photo and video recordings may be made and published for documentation purposes as well as on the Company's digital platforms.<br>\n<\/div>\n<\/div><div class=\"bde-div-381-382 bde-div\">\n  \n  \n\t\n\n\n\n<div class=\"bde-text-381-383 bde-text translation-block\"><strong>Disclaimer:<\/strong><br>Although we constantly update our website and all associated tools, it cannot be guaranteed, due to the nature of the internet, that content will always be correct and complete. Occasionally, individual content on our website may not be displayed correctly. However, liability for direct or any other damages related to the use of our website is generally excluded. If you have suffered any damage through the use of our website, please do not hesitate to contact us at <a href=\"mailto:office@nda.holdings\" target=\"_self\">office@nda.holdings<\/a>. Despite careful content control, we also do not accept liability for the content of external links that refer to us or to which we refer in the context of articles or other content on our website. The operators of the linked pages are solely responsible for the content. If you still wish to link to us on your website or articles, these links are very welcome. The information on this website is intended for personal use only and is generally subject to the copyright of the website's creator. NDA Holding GmbH holds the exclusive and unrestricted right to use, reproduce, and modify all content, and prohibits any further commercial use or distribution to third parties \u2013 even in parts or in edited form. If you wish to use parts of our website in the context of projects or comparisons, a separate usage permission must be obtained from the management. Customers and consumers have the option to contact the EU Online Dispute Resolution platform with their complaints: http:\/\/ec.europa.eu\/odr. You can also direct your complaints to the email address provided above. \u00a9 NDA Holding GmbH<br><\/div>\n<\/div><div class=\"bde-div-381-384 bde-div\">\n  \n  \n\t\n\n\n\n<div class=\"bde-text-381-385 bde-text translation-block\"><strong>Copyright:<\/strong><br>The content of this website is protected by copyright. Any form of reuse requires written approval from the management of NDA Holding GmbH.<\/div>\n<\/div>\n<\/div>\n<\/div><\/div>\n<\/section>","protected":false},"excerpt":{"rendered":"<p>Impressum. NDA Holding GmbHIndustriegasse 62700 Wiener Neustadt\u00d6sterreich Gesch\u00e4ftsf\u00fchrer:Ing. Andreas Kraus Rechtsform:Gesellschaft mit beschr\u00e4nkter Haftung (GmbH) Firmenbuchnummer:FN 593808 y Firmenbuchgericht:Landesgericht Wiener Neustadt Umsatzsteuer-Identifikationsnummer (UID):ATU78796769 Gewerbebeh\u00f6rde:Bezirksverwaltungsbeh\u00f6rde Wiener Neustadt (Stadt) Mitgliedschaft:Wirtschaftskammer \u00d6sterreich, Fachgruppe Unternehmensberatung und Informationstechnologie Gewerbeberechtigung nach GewO:Unternehmensberatung einschlie\u00dflich der Unternehmensorganisation Zust\u00e4ndige Aufsichtsbeh\u00f6rde f\u00fcr Datenschutz:\u00d6sterreichische Datenschutzbeh\u00f6rdeBarichgasse 40-421030 Wien\u00d6sterreich Kontakt:E-Mail: office@nda.holdings Website:https:\/\/nda.holdings Datenschutzerkl\u00e4rung:Die Datenschutzerkl\u00e4rung finden Sie unter: https:\/\/nda.holdings\/datenschutzerklarung\/ [&hellip;]<\/p>\n","protected":false},"author":1,"featured_media":0,"parent":0,"menu_order":0,"comment_status":"closed","ping_status":"closed","template":"","meta":{"_acf_changed":false,"_breakdance_hide_in_design_set":false,"_breakdance_tags":"","footnotes":""},"class_list":["post-381","page","type-page","status-publish","hentry"],"acf":[],"yoast_head":"<!-- This site is optimized with the Yoast SEO Premium plugin v27.5 (Yoast SEO v27.5) - https:\/\/yoast.com\/product\/yoast-seo-premium-wordpress\/ -->\n<title>Impressum der NDA Holding GmbH<\/title>\n<meta name=\"description\" content=\"Im Impressum der NDA Holding GmbH finden Sie alle relevanten rechtlichen Informationen, einschlie\u00dflich unserer Firmenadresse, Gesch\u00e4ftsf\u00fchrung und Unternehmensdaten.\" \/>\n<meta name=\"robots\" content=\"index, follow, max-snippet:-1, max-image-preview:large, max-video-preview:-1\" \/>\n<link rel=\"canonical\" href=\"https:\/\/www.nda.holdings\/en\/impressum\/\" \/>\n<meta property=\"og:locale\" content=\"en_GB\" \/>\n<meta property=\"og:type\" content=\"article\" \/>\n<meta property=\"og:title\" content=\"Impressum der NDA Holding GmbH\" \/>\n<meta property=\"og:description\" content=\"Im Impressum der NDA Holding GmbH finden Sie alle relevanten rechtlichen Informationen, einschlie\u00dflich unserer Firmenadresse, Gesch\u00e4ftsf\u00fchrung und Unternehmensdaten.\" \/>\n<meta property=\"og:url\" content=\"https:\/\/www.nda.holdings\/en\/impressum\/\" \/>\n<meta property=\"og:site_name\" content=\"NDA Holding GmbH\" \/>\n<meta property=\"article:modified_time\" content=\"2026-02-20T12:16:24+00:00\" \/>\n<meta property=\"og:image\" content=\"https:\/\/www.nda.holdings\/wp-content\/uploads\/2024\/12\/NDA-Logo-1080x1080px1.png\" \/>\n\t<meta property=\"og:image:width\" content=\"4500\" \/>\n\t<meta property=\"og:image:height\" content=\"4500\" \/>\n\t<meta property=\"og:image:type\" content=\"image\/png\" \/>\n<meta name=\"twitter:card\" content=\"summary_large_image\" \/>\n<meta name=\"twitter:title\" content=\"Impressum\" \/>\n<meta name=\"twitter:label1\" content=\"Estimated reading time\" \/>\n\t<meta name=\"twitter:data1\" content=\"3 minutes\" \/>\n<script type=\"application\/ld+json\" class=\"yoast-schema-graph\">{\"@context\":\"https:\\\/\\\/schema.org\",\"@graph\":[{\"@type\":\"WebPage\",\"@id\":\"https:\\\/\\\/www.nda.holdings\\\/impressum\\\/\",\"url\":\"https:\\\/\\\/www.nda.holdings\\\/impressum\\\/\",\"name\":\"Impressum der NDA Holding GmbH\",\"isPartOf\":{\"@id\":\"https:\\\/\\\/www.nda.holdings\\\/#website\"},\"datePublished\":\"2024-11-29T09:05:34+00:00\",\"dateModified\":\"2026-02-20T12:16:24+00:00\",\"description\":\"Im Impressum der NDA Holding GmbH finden Sie alle relevanten rechtlichen Informationen, einschlie\u00dflich unserer Firmenadresse, Gesch\u00e4ftsf\u00fchrung und Unternehmensdaten.\",\"breadcrumb\":{\"@id\":\"https:\\\/\\\/www.nda.holdings\\\/impressum\\\/#breadcrumb\"},\"inLanguage\":\"en-GB\",\"potentialAction\":[{\"@type\":\"ReadAction\",\"target\":[\"https:\\\/\\\/www.nda.holdings\\\/impressum\\\/\"]}]},{\"@type\":\"BreadcrumbList\",\"@id\":\"https:\\\/\\\/www.nda.holdings\\\/impressum\\\/#breadcrumb\",\"itemListElement\":[{\"@type\":\"ListItem\",\"position\":1,\"name\":\"Home\",\"item\":\"https:\\\/\\\/www.nda.holdings\\\/\"},{\"@type\":\"ListItem\",\"position\":2,\"name\":\"Impressum\"}]},{\"@type\":\"WebSite\",\"@id\":\"https:\\\/\\\/www.nda.holdings\\\/#website\",\"url\":\"https:\\\/\\\/www.nda.holdings\\\/\",\"name\":\"NDA Holding GmbH\",\"description\":\"\",\"potentialAction\":[{\"@type\":\"SearchAction\",\"target\":{\"@type\":\"EntryPoint\",\"urlTemplate\":\"https:\\\/\\\/www.nda.holdings\\\/?s={search_term_string}\"},\"query-input\":{\"@type\":\"PropertyValueSpecification\",\"valueRequired\":true,\"valueName\":\"search_term_string\"}}],\"inLanguage\":\"en-GB\"}]}<\/script>\n<!-- \/ Yoast SEO Premium plugin. -->","yoast_head_json":{"title":"Impressum der NDA Holding GmbH","description":"Im Impressum der NDA Holding GmbH finden Sie alle relevanten rechtlichen Informationen, einschlie\u00dflich unserer Firmenadresse, Gesch\u00e4ftsf\u00fchrung und Unternehmensdaten.","robots":{"index":"index","follow":"follow","max-snippet":"max-snippet:-1","max-image-preview":"max-image-preview:large","max-video-preview":"max-video-preview:-1"},"canonical":"https:\/\/www.nda.holdings\/en\/impressum\/","og_locale":"en_GB","og_type":"article","og_title":"Impressum der NDA Holding GmbH","og_description":"Im Impressum der NDA Holding GmbH finden Sie alle relevanten rechtlichen Informationen, einschlie\u00dflich unserer Firmenadresse, Gesch\u00e4ftsf\u00fchrung und Unternehmensdaten.","og_url":"https:\/\/www.nda.holdings\/en\/impressum\/","og_site_name":"NDA Holding GmbH","article_modified_time":"2026-02-20T12:16:24+00:00","og_image":[{"width":4500,"height":4500,"url":"https:\/\/www.nda.holdings\/wp-content\/uploads\/2024\/12\/NDA-Logo-1080x1080px1.png","type":"image\/png"}],"twitter_card":"summary_large_image","twitter_title":"Impressum","twitter_misc":{"Estimated reading time":"3 minutes"},"schema":{"@context":"https:\/\/schema.org","@graph":[{"@type":"WebPage","@id":"https:\/\/www.nda.holdings\/impressum\/","url":"https:\/\/www.nda.holdings\/impressum\/","name":"Impressum der NDA Holding GmbH","isPartOf":{"@id":"https:\/\/www.nda.holdings\/#website"},"datePublished":"2024-11-29T09:05:34+00:00","dateModified":"2026-02-20T12:16:24+00:00","description":"Im Impressum der NDA Holding GmbH finden Sie alle relevanten rechtlichen Informationen, einschlie\u00dflich unserer Firmenadresse, Gesch\u00e4ftsf\u00fchrung und Unternehmensdaten.","breadcrumb":{"@id":"https:\/\/www.nda.holdings\/impressum\/#breadcrumb"},"inLanguage":"en-GB","potentialAction":[{"@type":"ReadAction","target":["https:\/\/www.nda.holdings\/impressum\/"]}]},{"@type":"BreadcrumbList","@id":"https:\/\/www.nda.holdings\/impressum\/#breadcrumb","itemListElement":[{"@type":"ListItem","position":1,"name":"Home","item":"https:\/\/www.nda.holdings\/"},{"@type":"ListItem","position":2,"name":"Impressum"}]},{"@type":"WebSite","@id":"https:\/\/www.nda.holdings\/#website","url":"https:\/\/www.nda.holdings\/","name":"NDA Holding GmbH","description":"","potentialAction":[{"@type":"SearchAction","target":{"@type":"EntryPoint","urlTemplate":"https:\/\/www.nda.holdings\/?s={search_term_string}"},"query-input":{"@type":"PropertyValueSpecification","valueRequired":true,"valueName":"search_term_string"}}],"inLanguage":"en-GB"}]}},"_links":{"self":[{"href":"https:\/\/www.nda.holdings\/en\/wp-json\/wp\/v2\/pages\/381","targetHints":{"allow":["GET"]}}],"collection":[{"href":"https:\/\/www.nda.holdings\/en\/wp-json\/wp\/v2\/pages"}],"about":[{"href":"https:\/\/www.nda.holdings\/en\/wp-json\/wp\/v2\/types\/page"}],"author":[{"embeddable":true,"href":"https:\/\/www.nda.holdings\/en\/wp-json\/wp\/v2\/users\/1"}],"replies":[{"embeddable":true,"href":"https:\/\/www.nda.holdings\/en\/wp-json\/wp\/v2\/comments?post=381"}],"version-history":[{"count":3,"href":"https:\/\/www.nda.holdings\/en\/wp-json\/wp\/v2\/pages\/381\/revisions"}],"predecessor-version":[{"id":3452,"href":"https:\/\/www.nda.holdings\/en\/wp-json\/wp\/v2\/pages\/381\/revisions\/3452"}],"wp:attachment":[{"href":"https:\/\/www.nda.holdings\/en\/wp-json\/wp\/v2\/media?parent=381"}],"curies":[{"name":"wp","href":"https:\/\/api.w.org\/{rel}","templated":true}]}}